{"id":8,"date":"2019-11-26T11:12:33","date_gmt":"2019-11-26T11:12:33","guid":{"rendered":"https:\/\/unijaveterana.ba\/?page_id=8"},"modified":"2022-09-22T13:09:51","modified_gmt":"2022-09-22T12:09:51","slug":"kontakt","status":"publish","type":"page","link":"https:\/\/unijaveterana.ba\/?page_id=8","title":{"rendered":"\u010clanice JOB-a"},"content":{"rendered":"\t\t<div data-elementor-type=\"wp-page\" data-elementor-id=\"8\" class=\"elementor elementor-8\" data-elementor-settings=\"[]\">\n\t\t\t\t\t\t<div class=\"elementor-inner\">\n\t\t\t\t\t\t\t<div class=\"elementor-section-wrap\">\n\t\t\t\t\t\t\t<section class=\"elementor-section elementor-top-section elementor-element elementor-element-e67a107 elementor-section-full_width elementor-section-height-default elementor-section-height-default\" data-id=\"e67a107\" data-element_type=\"section\" data-settings=\"{&quot;background_background&quot;:&quot;classic&quot;}\">\n\t\t\t\t\t\t<div class=\"elementor-container elementor-column-gap-default\">\n\t\t\t\t\t\t\t<div class=\"elementor-row\">\n\t\t\t\t\t<div class=\"elementor-column elementor-col-50 elementor-top-column elementor-element elementor-element-c77b83d\" data-id=\"c77b83d\" data-element_type=\"column\">\n\t\t\t<div class=\"elementor-column-wrap elementor-element-populated\">\n\t\t\t\t\t\t\t<div class=\"elementor-widget-wrap\">\n\t\t\t\t\t\t<div class=\"elementor-element elementor-element-5374769 elementor-widget__width-inherit elementor-widget elementor-widget-text-editor\" data-id=\"5374769\" data-element_type=\"widget\" data-widget_type=\"text-editor.default\">\n\t\t\t\t<div class=\"elementor-widget-container\">\n\t\t\t\t\t\t\t\t<div class=\"elementor-text-editor elementor-clearfix\">\n\t\t\t\t<p><b style=\"font-style: inherit;\">JOB FEDERACIJE BiH<\/b><\/p><h6><span style=\"font-weight: 400;\">Predsjednik <b>Kulosman Saud<\/b><br \/>Ul. Ismeta Mujazinovi\u0107a br:32<br \/>tel\/fax: 033-226-548<br \/>e-mail: <a href=\"mailto:jobbihunijaveterana@gmail.com\">jobbihunijaveterana@gmail.com<\/a><\/span><\/h6><p><b>JOB \u201eUNIJA VETERANA\u201c\u00a0 KANTON SARAJEVO<\/b><\/p><h6><span style=\"font-weight: 400;\">Predsjednik <b>Ismet Imamovi\u0107<\/b><br \/>Ul. D\u017eid\u017eikovac br.3\/3<br \/>tel\/fax: 033\u2013213\u2013412<br \/>e-mail: <a href=\"mailto:unija.veterana@telemach.ba\">unija.veterana@telemach.ba<\/a><br \/>e-mail: <a href=\"mailto:unijaveteranaks@gmail.com\">unijaveteranaks@gmail.com<\/a><\/span><\/h6><p><b>JOB \u201eUNIJA VETERANA\u201c\u00a0 OP\u0160TINA STARI GRAD<\/b><\/p><h6><span style=\"font-weight: 400;\">Predsjednik <b>Armis\u00a0 Ma\u0161i\u0107<\/b><br \/>Ul. Obala Kulina Bana br: 38<br \/>e-mail: <a href=\"mailto:armis.masic@gmail.com\">armis.masic@gmail.com<\/a><\/span><\/h6><p><b>JOB \u201eUNIJA VETERANA\u201c\u00a0 OP\u0160TINA CENTAR<\/b><\/p><h6><span style=\"font-weight: 400;\">Predsjednik <b>Enver Krlu\u010d<\/b><br \/>Ul. D\u017eid\u017eikovac br.3\/pr<br \/>tel\/fax: 033\u2013668\u2013988<br \/>e-mail: <a href=\"mailto:job.centar@gmail.com\">job.centar@gmail.com<\/a><\/span><\/h6><p><b>JOB \u201eUNIJA VETERANA\u201c\u00a0 OP\u0160TINA NOVO SARAJEVO<\/b><\/p><h6><span style=\"font-weight: 400;\">Predsjednik\u00a0<b>Bahrudin\u00a0 Fazli\u0107\u00a0<\/b><br \/>Ul. Zmaja od Bosne br:55<br \/>tel\/fax: 033\u2013492\u2013215<br \/>e-mail: <a href=\"mailto:bahrudinfazlic@yahoo.com\">bahrudinfazlic@yahoo.com<\/a><\/span><\/h6><p><b>JOB \u201eUNIJA VETERANA\u201c\u00a0 OP\u0160TINA NOVI GRAD<\/b><\/p><h6><span style=\"font-weight: 400;\">Predsjednik\u00a0<b>Adem Kajanija<\/b><br \/>Ul. Trg Solidarnosti br:13\/2<br \/>tel\/fax: 033\u2013453\u2013344<br \/>e-mail: <a href=\"mailto:jobnovigrad@gmail.com\">jobnovigrad@gmail.com<\/a><\/span><\/h6>\t\t\t\t\t<\/div>\n\t\t\t\t\t\t<\/div>\n\t\t\t\t<\/div>\n\t\t\t\t\t\t<\/div>\n\t\t\t\t\t<\/div>\n\t\t<\/div>\n\t\t\t\t<div class=\"elementor-column elementor-col-50 elementor-top-column elementor-element elementor-element-1f70032\" data-id=\"1f70032\" data-element_type=\"column\">\n\t\t\t<div class=\"elementor-column-wrap elementor-element-populated\">\n\t\t\t\t\t\t\t<div class=\"elementor-widget-wrap\">\n\t\t\t\t\t\t<div class=\"elementor-element elementor-element-b5fc882 elementor-widget__width-inherit elementor-widget elementor-widget-text-editor\" data-id=\"b5fc882\" data-element_type=\"widget\" data-widget_type=\"text-editor.default\">\n\t\t\t\t<div class=\"elementor-widget-container\">\n\t\t\t\t\t\t\t\t<div class=\"elementor-text-editor elementor-clearfix\">\n\t\t\t\t<p style=\"text-align: left;\"><b>JOB \u201eUNIJA VETERANA\u201c\u00a0 OP\u0160TINA ILID\u017dA<\/b><\/p><h6>Predsjednik <span style=\"font-family: Catamaran-SemiBold, sans-serif;\"><b>Fadil Sarajki\u0107<\/b><\/span><br \/>Mala Aleja br:40<br \/>tel\/fax: 033\u2013621\u2013961<br \/>e-mail: <a href=\"mailto:job.ilidza@gmail.com\">job.ilidza@gmail.com<\/a><\/h6><p style=\"text-align: left;\"><b>JOB \u201eUNIJA VETERANA\u201c\u00a0 OP\u0160TINA HAD\u017dI\u0106I<\/b><\/p><h6 style=\"text-align: left;\">Predsjednik\u00a0\u00a0<b>Mirsad\u00a0 Telarevi\u0107<\/b><br \/>Ul. Had\u017eeli br:64<br \/>tel\/fax: 033\u2013420\u2013105<\/h6><p style=\"text-align: left;\"><b>JOB \u201eUNIJA VETERANA\u201c\u00a0 OP\u0160TINA VOGO\u0160\u0106A<\/b><\/p><h6 style=\"text-align: left;\">Predsjednik\u00a0<b>Numanovi\u0107 Salem<\/b><br \/>Ul. Partizanski odred zvijezda br: 34<br \/>tel\/fax: 033\u2013435\u2013445<br \/>e-mail: <a href=\"mailto:jobuvvog@gmail.com\">jobuvvog@gmail.com<\/a><\/h6><p style=\"text-align: left;\"><b>JOB \u201eUNIJA VETERANA\u201c\u00a0 OP\u0160TINA ILIJA\u0160<\/b><\/p><h6 style=\"text-align: left;\">Predsjednik\u00a0<b>Sidik Be\u0107irevi\u0107<\/b><br \/>Ul. Ivana Franje Juki\u0107a br:1<br \/>tel\/fax: 033\u2013401\u2013667<br \/>e-mail: <a href=\"mailto:sidiksidikbecirevic@gmail.com\">sidiksidikbecirevic@gmail.com<\/a><\/h6><p style=\"text-align: left;\"><b>JOB \u201eUNIJA VETERANA\u201c\u00a0 OP\u0160TINA TRNOVO<\/b><\/p><h6 style=\"text-align: left;\">Predsjednik\u00a0\u00a0<b>Zakir\u00a0 Imamovi\u0107<\/b><br \/>Ul. Delija\u0161i bb<br \/>tel\/fax: 033\u2013439\u2013184<\/h6><p style=\"text-align: left;\"><b>JOB \u201eUNIJA VETERANA\u201c\u00a0 SEKCIJA PIO-MIO<\/b><\/p><h6 style=\"text-align: left;\">Kontakt osoba: <span style=\"font-family: Catamaran-SemiBold, sans-serif;\"><b>Hod\u017ei\u0107 Abdulah<\/b><\/span><br \/>e-mail: <a href=\"mailto:jobdfpio@gmail.com\">jobdfpio@gmail.com<\/a><\/h6><p style=\"text-align: left;\"><b>JOB \u201eUNIJA VETERANA\u201c\u00a0 SEKCIJA JU DOMOVI ZDRAVLJA<\/b><\/p><h6 style=\"text-align: left;\">Predsjednik\u00a0 <b>Ze\u010di\u0107 Kenan<\/b><br \/>e-mail: <a href=\"mailto:kenanzecic12@gmail.com\">kenanzecic12@gmail.com<\/a><\/h6><p style=\"text-align: left;\"><b>JOB \u201eUNIJA VETERANA\u201c\u00a0 SEKCIJA\u00a0 SARAJEVOGAS<\/b><\/p><h6 style=\"text-align: left;\">Predsjednik\u00a0 <b>Emir Karahod\u017ei\u0107<\/b><br \/>e-mail: <a href=\"mailto:ekarahodzic@sarajevogas.ba\">ekarahodzic@sarajevogas.ba<\/a><\/h6>\t\t\t\t\t<\/div>\n\t\t\t\t\t\t<\/div>\n\t\t\t\t<\/div>\n\t\t\t\t\t\t<\/div>\n\t\t\t\t\t<\/div>\n\t\t<\/div>\n\t\t\t\t\t\t\t\t<\/div>\n\t\t\t\t\t<\/div>\n\t\t<\/section>\n\t\t\t\t\t\t<\/div>\n\t\t\t\t\t\t<\/div>\n\t\t\t\t\t<\/div>\n\t\t","protected":false},"excerpt":{"rendered":"<p>JOB FEDERACIJE BiH Predsjednik Kulosman SaudUl. Ismeta Mujazinovi\u0107a br:32tel\/fax: 033-226-548e-mail: jobbihunijaveterana@gmail.com JOB \u201eUNIJA VETERANA\u201c\u00a0 KANTON SARAJEVO Predsjednik Ismet Imamovi\u0107Ul. D\u017eid\u017eikovac br.3\/3tel\/fax: 033\u2013213\u2013412e-mail: unija.veterana@telemach.bae-mail: unijaveteranaks@gmail.com JOB \u201eUNIJA VETERANA\u201c\u00a0 OP\u0160TINA STARI GRAD Predsjednik Armis\u00a0 Ma\u0161i\u0107Ul. Obala Kulina Bana br: 38e-mail: armis.masic@gmail.com JOB \u201eUNIJA VETERANA\u201c\u00a0 OP\u0160TINA CENTAR Predsjednik Enver Krlu\u010dUl. D\u017eid\u017eikovac br.3\/prtel\/fax: 033\u2013668\u2013988e-mail: job.centar@gmail.com JOB \u201eUNIJA VETERANA\u201c\u00a0 OP\u0160TINA [&hellip;]<\/p>\n","protected":false},"author":1,"featured_media":0,"parent":0,"menu_order":0,"comment_status":"closed","ping_status":"closed","template":"","meta":{"ngg_post_thumbnail":0},"_links":{"self":[{"href":"https:\/\/unijaveterana.ba\/index.php?rest_route=\/wp\/v2\/pages\/8"}],"collection":[{"href":"https:\/\/unijaveterana.ba\/index.php?rest_route=\/wp\/v2\/pages"}],"about":[{"href":"https:\/\/unijaveterana.ba\/index.php?rest_route=\/wp\/v2\/types\/page"}],"author":[{"embeddable":true,"href":"https:\/\/unijaveterana.ba\/index.php?rest_route=\/wp\/v2\/users\/1"}],"replies":[{"embeddable":true,"href":"https:\/\/unijaveterana.ba\/index.php?rest_route=%2Fwp%2Fv2%2Fcomments&post=8"}],"version-history":[{"count":117,"href":"https:\/\/unijaveterana.ba\/index.php?rest_route=\/wp\/v2\/pages\/8\/revisions"}],"predecessor-version":[{"id":1169,"href":"https:\/\/unijaveterana.ba\/index.php?rest_route=\/wp\/v2\/pages\/8\/revisions\/1169"}],"wp:attachment":[{"href":"https:\/\/unijaveterana.ba\/index.php?rest_route=%2Fwp%2Fv2%2Fmedia&parent=8"}],"curies":[{"name":"wp","href":"https:\/\/api.w.org\/{rel}","templated":true}]}}