{"id":280,"date":"2019-12-17T18:43:55","date_gmt":"2019-12-17T18:43:55","guid":{"rendered":"https:\/\/unijaveterana.ba\/?page_id=280"},"modified":"2020-01-14T19:59:44","modified_gmt":"2020-01-14T18:59:44","slug":"naslovnica-2","status":"publish","type":"page","link":"https:\/\/unijaveterana.ba\/","title":{"rendered":"Naslovnica"},"content":{"rendered":"\t\t<div data-elementor-type=\"wp-page\" data-elementor-id=\"280\" class=\"elementor elementor-280\" data-elementor-settings=\"[]\">\n\t\t\t\t\t\t<div class=\"elementor-inner\">\n\t\t\t\t\t\t\t<div class=\"elementor-section-wrap\">\n\t\t\t\t\t\t\t<section class=\"elementor-section elementor-top-section elementor-element elementor-element-444104c elementor-section-boxed elementor-section-height-default elementor-section-height-default\" data-id=\"444104c\" data-element_type=\"section\">\n\t\t\t\t\t\t<div class=\"elementor-container elementor-column-gap-default\">\n\t\t\t\t\t\t\t<div class=\"elementor-row\">\n\t\t\t\t\t<div class=\"elementor-column elementor-col-100 elementor-top-column elementor-element elementor-element-59e5d17\" data-id=\"59e5d17\" data-element_type=\"column\">\n\t\t\t<div class=\"elementor-column-wrap elementor-element-populated\">\n\t\t\t\t\t\t\t<div class=\"elementor-widget-wrap\">\n\t\t\t\t\t\t<div class=\"elementor-element elementor-element-5ff1b72 elementor-widget elementor-widget-spacer\" data-id=\"5ff1b72\" data-element_type=\"widget\" data-widget_type=\"spacer.default\">\n\t\t\t\t<div class=\"elementor-widget-container\">\n\t\t\t\t\t<div class=\"elementor-spacer\">\n\t\t\t<div class=\"elementor-spacer-inner\"><\/div>\n\t\t<\/div>\n\t\t\t\t<\/div>\n\t\t\t\t<\/div>\n\t\t\t\t\t\t<\/div>\n\t\t\t\t\t<\/div>\n\t\t<\/div>\n\t\t\t\t\t\t\t\t<\/div>\n\t\t\t\t\t<\/div>\n\t\t<\/section>\n\t\t\t\t<section class=\"elementor-section elementor-top-section elementor-element elementor-element-3b4da4c elementor-section-boxed elementor-section-height-default elementor-section-height-default\" data-id=\"3b4da4c\" data-element_type=\"section\">\n\t\t\t\t\t\t<div class=\"elementor-container elementor-column-gap-default\">\n\t\t\t\t\t\t\t<div class=\"elementor-row\">\n\t\t\t\t\t<div class=\"elementor-column elementor-col-100 elementor-top-column elementor-element elementor-element-009d530\" data-id=\"009d530\" data-element_type=\"column\">\n\t\t\t<div class=\"elementor-column-wrap elementor-element-populated\">\n\t\t\t\t\t\t\t<div class=\"elementor-widget-wrap\">\n\t\t\t\t\t\t<div class=\"elementor-element elementor-element-a4f2a89 elementor-widget elementor-widget-text-editor\" data-id=\"a4f2a89\" data-element_type=\"widget\" data-widget_type=\"text-editor.default\">\n\t\t\t\t<div class=\"elementor-widget-container\">\n\t\t\t\t\t\t\t\t<div class=\"elementor-text-editor elementor-clearfix\">\n\t\t\t\t<h1><strong><span lang=\"EN-US\">Dobro do\u0161li na zvani\u010dnu web stranicu Jedinstvene organizacije boraca \u201cUnija veterana\u201d Kantona Sarajevo.<\/span><\/strong><\/h1>\t\t\t\t\t<\/div>\n\t\t\t\t\t\t<\/div>\n\t\t\t\t<\/div>\n\t\t\t\t\t\t<\/div>\n\t\t\t\t\t<\/div>\n\t\t<\/div>\n\t\t\t\t\t\t\t\t<\/div>\n\t\t\t\t\t<\/div>\n\t\t<\/section>\n\t\t\t\t<section class=\"elementor-section elementor-top-section elementor-element elementor-element-4605ee7 elementor-section-boxed elementor-section-height-default elementor-section-height-default\" data-id=\"4605ee7\" data-element_type=\"section\">\n\t\t\t\t\t\t<div class=\"elementor-container elementor-column-gap-default\">\n\t\t\t\t\t\t\t<div class=\"elementor-row\">\n\t\t\t\t\t<div class=\"elementor-column elementor-col-100 elementor-top-column elementor-element elementor-element-d8032e3\" data-id=\"d8032e3\" data-element_type=\"column\">\n\t\t\t<div class=\"elementor-column-wrap elementor-element-populated\">\n\t\t\t\t\t\t\t<div class=\"elementor-widget-wrap\">\n\t\t\t\t\t\t<div class=\"elementor-element elementor-element-1a5fc70 elementor-widget elementor-widget-text-editor\" data-id=\"1a5fc70\" data-element_type=\"widget\" data-widget_type=\"text-editor.default\">\n\t\t\t\t<div class=\"elementor-widget-container\">\n\t\t\t\t\t\t\t\t<div class=\"elementor-text-editor elementor-clearfix\">\n\t\t\t\t<p>OBAVJE\u0160TENJE!<\/p><p>Obavje\u0161tavamo \u00a0posjetioce \u00a0da je u mjesecu novembru 2019. godine do\u0161lo do hakovanja na\u0161e web stranice.\u00a0 Tom prilikom izbrisane su sve na\u0161e aktivnosti u proteklom periodu.<\/p><p>Zahvaljujemo se na razumijevanju.<\/p>\t\t\t\t\t<\/div>\n\t\t\t\t\t\t<\/div>\n\t\t\t\t<\/div>\n\t\t\t\t\t\t<\/div>\n\t\t\t\t\t<\/div>\n\t\t<\/div>\n\t\t\t\t\t\t\t\t<\/div>\n\t\t\t\t\t<\/div>\n\t\t<\/section>\n\t\t\t\t<section class=\"elementor-section elementor-top-section elementor-element elementor-element-e03a184 elementor-section-boxed elementor-section-height-default elementor-section-height-default\" data-id=\"e03a184\" data-element_type=\"section\">\n\t\t\t\t\t\t<div class=\"elementor-container elementor-column-gap-default\">\n\t\t\t\t\t\t\t<div class=\"elementor-row\">\n\t\t\t\t\t<div class=\"elementor-column elementor-col-100 elementor-top-column elementor-element elementor-element-ec4eaad\" data-id=\"ec4eaad\" data-element_type=\"column\">\n\t\t\t<div class=\"elementor-column-wrap elementor-element-populated\">\n\t\t\t\t\t\t\t<div class=\"elementor-widget-wrap\">\n\t\t\t\t\t\t<div class=\"elementor-element elementor-element-934b153 elementor-widget elementor-widget-wp-widget-recent-posts\" data-id=\"934b153\" data-element_type=\"widget\" data-widget_type=\"wp-widget-recent-posts.default\">\n\t\t\t\t<div class=\"elementor-widget-container\">\n\t\t\t\n\t\t\n\t\t<h5>Novosti<\/h5>\n\t\t<ul>\n\t\t\t\t\t\t\t\t\t\t\t<li>\n\t\t\t\t\t<a href=\"https:\/\/unijaveterana.ba\/?p=1565\">Obilje\u017eavanje &#8220;Dana Veterana&#8221; Kantona Sarajevo<\/a>\n\t\t\t\t\t\t\t\t\t\t\t<span class=\"post-date\">14\/11\/2025<\/span>\n\t\t\t\t\t\t\t\t\t<\/li>\n\t\t\t\t\t\t\t\t\t\t\t<li>\n\t\t\t\t\t<a href=\"https:\/\/unijaveterana.ba\/?p=1562\">Konkurs za dodjelu stipendija djeci boraca<\/a>\n\t\t\t\t\t\t\t\t\t\t\t<span class=\"post-date\">20\/10\/2025<\/span>\n\t\t\t\t\t\t\t\t\t<\/li>\n\t\t\t\t\t\t\t\t\t\t\t<li>\n\t\t\t\t\t<a href=\"https:\/\/unijaveterana.ba\/?p=1541\">9. Veteranske sportske igre<\/a>\n\t\t\t\t\t\t\t\t\t\t\t<span class=\"post-date\">06\/10\/2025<\/span>\n\t\t\t\t\t\t\t\t\t<\/li>\n\t\t\t\t\t\t\t\t\t\t\t<li>\n\t\t\t\t\t<a href=\"https:\/\/unijaveterana.ba\/?p=1513\">Obilje\u017eavanje godi\u0161njice formiranja 1.Korpusa<\/a>\n\t\t\t\t\t\t\t\t\t\t\t<span class=\"post-date\">02\/09\/2025<\/span>\n\t\t\t\t\t\t\t\t\t<\/li>\n\t\t\t\t\t\t\t\t\t\t\t<li>\n\t\t\t\t\t<a href=\"https:\/\/unijaveterana.ba\/?p=1506\">Obilje\u017eavanje godi\u0161njice pogibije Keme Mehani\u0107a i Zaima Imamovi\u0107a<\/a>\n\t\t\t\t\t\t\t\t\t\t\t<span class=\"post-date\">17\/06\/2025<\/span>\n\t\t\t\t\t\t\t\t\t<\/li>\n\t\t\t\t\t\t\t\t\t\t\t<li>\n\t\t\t\t\t<a href=\"https:\/\/unijaveterana.ba\/?p=1496\">Obilje\u017eavanje 33. godi\u0161njica odbrane Predsjedni\u0161tva RBiH<\/a>\n\t\t\t\t\t\t\t\t\t\t\t<span class=\"post-date\">05\/05\/2025<\/span>\n\t\t\t\t\t\t\t\t\t<\/li>\n\t\t\t\t\t<\/ul>\n\n\t\t\t\t<\/div>\n\t\t\t\t<\/div>\n\t\t\t\t\t\t<\/div>\n\t\t\t\t\t<\/div>\n\t\t<\/div>\n\t\t\t\t\t\t\t\t<\/div>\n\t\t\t\t\t<\/div>\n\t\t<\/section>\n\t\t\t\t<section class=\"elementor-section elementor-top-section elementor-element elementor-element-f502b48 elementor-section-boxed elementor-section-height-default elementor-section-height-default\" data-id=\"f502b48\" data-element_type=\"section\">\n\t\t\t\t\t\t<div class=\"elementor-container elementor-column-gap-default\">\n\t\t\t\t\t\t\t<div class=\"elementor-row\">\n\t\t\t\t\t<div class=\"elementor-column elementor-col-100 elementor-top-column elementor-element elementor-element-30cd42d\" data-id=\"30cd42d\" data-element_type=\"column\">\n\t\t\t<div class=\"elementor-column-wrap elementor-element-populated\">\n\t\t\t\t\t\t\t<div class=\"elementor-widget-wrap\">\n\t\t\t\t\t\t<div class=\"elementor-element elementor-element-986972b elementor-widget elementor-widget-text-editor\" data-id=\"986972b\" data-element_type=\"widget\" data-widget_type=\"text-editor.default\">\n\t\t\t\t<div class=\"elementor-widget-container\">\n\t\t\t\t\t\t\t\t<div class=\"elementor-text-editor elementor-clearfix\">\n\t\t\t\t<p style=\"text-align: left;\"><span style=\"font-size: 20px; text-align: justify; color: #000000; font-family: Roboto, sans-serif; background-color: transparent;\">Svrha osnivanja stranice je upoznavanje javnosti o radu ove bora\u010dke organiazcije i ostvarenje bolje i lak\u0161e komunikacije sa na\u0161im \u010dlanovima, op\u0107inskim organizacijama, sekcijama i drugim ni\u017eim organizacionim cjelinama i \u010dlanovima.<\/span><\/p><p style=\"text-align: left;\"><span style=\"color: #000000;\"><span lang=\"EN-US\">\u00a0<\/span><span style=\"font-size: 20px; text-align: justify; background-color: transparent;\">JOB BIH \u201cUnija Veterana\u201d Kantona Sarajevo je multinacionalna (kao \u0161to je bila i Armija RBiH), nepoliti\u010dka, nestrana\u010dka i nevladina bora\u010dka organizacia, a istovremeno je i interesna organizacija boraca koja zastupa interese cjelokupne bora\u010dke organizacije i to: Veterana, Organizatora pokreta otpora, prvoboraca \u2013 dobrovoljaca, \u010dlanova \u0161ehidskih porodica i porodica poginulih boraca, Ratnih vojnih invalida, \u010dlanova Patriotske lige, boraca, nosioca najve\u0107ih ratnih priznanja i drugih pripadnika Oru\u017eanih Snaga Armije Bosne i Hercegovine.<\/span><\/span><\/p><p style=\"text-align: left;\"><span style=\"color: #000000;\">Jedinstvena organizacija boraca \u201cUnija veterana\u201d kantona Sarajevo registrovana je\u00a0 13.novembra 1992. godine pod nazivom \u201cUnija veterana\u201d pokreta otpora grada Sarajeva, kao nevladina bora\u010dka organizacija koja zastupa interese svih bora\u010dkih kategorija, a prije svega porodica \u0161ehida i poginulih boraca, ratnih vojnih invalida, dobrovoljaca organizatora pokreta otpora, veterana i drugih kategorija,\u00a0 i kao takva upisana Rje\u0161enjem Vi\u0161eg Suda br:\u00a0 R-II-104\/92 i od tada pa do danas vi\u0161e puta je preregistrovana shodno regulativama organizacije i reorganizacije Dr\u017eave i promjenama pozitivnih zakonskih propisa.<\/span><\/p><p style=\"text-align: left;\"><span style=\"color: #000000;\">Odlukom Predsjedni\u0161tva RBiH od 26. februara 1994. godine\u00a0 izvr\u0161ena je reorganizacija \u201cUnije veterana\u201d pokreta otpora grada Sarajeva u Jedinstvenu organizaciju boraca \u201cUnije veterana\u201d Bosne i Hercegovine i 1. (prva) Osniva\u010dka skup\u0161tina JOB-a BiH &#8220;Unije veterana&#8221; Okruga Sarajevo odr\u017eana je 18. decembra 1995.godine, na kojoj su usvojena sva normativna akta tj. Statut organizacije, Poslovnik o radu Skup\u0161tine i Poslovnik o radu Upravnog odbora.<\/span><\/p><p style=\"text-align: left;\"><span style=\"color: #000000;\">Rje\u0161enjem Vi\u0161eg suda u Sarajevu\u00a0 br:R-II-104\/92 od 08.01.1996 godine Jedinstvena organizacija boraca RBiH \u201cUnija Veterana\u201d upisana je u registar kao organizacija od posebnog dru\u0161tvenog interesa za Republiku BiH.<\/span><\/p><p style=\"text-align: left;\"><span style=\"color: #000000;\">JOB \u201cUnija Veterana\u201d\u00a0 trenutno broji 21.854 \u010dlana evidentiranih u osnovnoj bazi podataka sa svim li\u010dnim i drugim podacima.<\/span><\/p><p style=\"text-align: left;\"><span style=\"color: #000000;\">U strukturi \u010dlanstva su sljede\u0107e kategorije: veteran, veteran \u2013 prvoborac, veteran \u2013 RVI, organizatori- pokreta otpora, demobilisani borci, ratni vojni invalidi, \u010dlanovi \u0161ehidske porodice, porodice umrlih demobilisanih boraca, porodice umrlih RVI, porodice nestalih boraca, u\u010desnici rata, supruge demobilisanih\u00a0 borca, djeca demobilisanih boraca, logora\u0161i, antifa\u0161isti \u2013 borci NOR-a i\u00a0 djeca bez oba roditelja.<\/span><\/p><p style=\"text-align: left;\"><span style=\"color: #000000;\">JOB \u201cUnija Veterana\u201d je organizovana na svim nivoima: od mjesnih odbora, op\u0107ina, kantona, dr\u017eavnog nivoa BiH kao i u ve\u0107ini privrednih subjekata kao Sekcije JOB-a. \u00a0\u00a0\u00a0\u00a0 \u00a0<\/span><\/p><p style=\"text-align: left;\"><span style=\"color: #000000;\">Tako\u0111e, JOB \u201cUnija Veterana\u201d je ravnopravna \u010dlanica Svjetske organizacije \u201cUnije Veterana\u201d World weterans Federation\u201d, a primljena na XX Kongresu \u201cUnije Veterana\u201d svjetske organizacije koja je odr\u017eana dana 04.12.2000. godine u Parizu.<\/span><\/p>\t\t\t\t\t<\/div>\n\t\t\t\t\t\t<\/div>\n\t\t\t\t<\/div>\n\t\t\t\t\t\t<\/div>\n\t\t\t\t\t<\/div>\n\t\t<\/div>\n\t\t\t\t\t\t\t\t<\/div>\n\t\t\t\t\t<\/div>\n\t\t<\/section>\n\t\t\t\t<section class=\"elementor-section elementor-top-section elementor-element elementor-element-886ac0a elementor-section-boxed elementor-section-height-default elementor-section-height-default\" data-id=\"886ac0a\" data-element_type=\"section\">\n\t\t\t\t\t\t<div class=\"elementor-container elementor-column-gap-default\">\n\t\t\t\t\t\t\t<div class=\"elementor-row\">\n\t\t\t\t\t\t\t\t\t<\/div>\n\t\t\t\t\t<\/div>\n\t\t<\/section>\n\t\t\t\t\t\t<\/div>\n\t\t\t\t\t\t<\/div>\n\t\t\t\t\t<\/div>\n\t\t","protected":false},"excerpt":{"rendered":"<p>Dobro do\u0161li na zvani\u010dnu web stranicu Jedinstvene organizacije boraca \u201cUnija veterana\u201d Kantona Sarajevo. OBAVJE\u0160TENJE! Obavje\u0161tavamo \u00a0posjetioce \u00a0da je u mjesecu novembru 2019. godine do\u0161lo do hakovanja na\u0161e web stranice.\u00a0 Tom prilikom izbrisane su sve na\u0161e aktivnosti u proteklom periodu. Zahvaljujemo se na razumijevanju. Svrha osnivanja stranice je upoznavanje javnosti o radu ove bora\u010dke organiazcije i [&hellip;]<\/p>\n","protected":false},"author":1,"featured_media":0,"parent":0,"menu_order":0,"comment_status":"closed","ping_status":"closed","template":"","meta":{"ngg_post_thumbnail":0},"_links":{"self":[{"href":"https:\/\/unijaveterana.ba\/index.php?rest_route=\/wp\/v2\/pages\/280"}],"collection":[{"href":"https:\/\/unijaveterana.ba\/index.php?rest_route=\/wp\/v2\/pages"}],"about":[{"href":"https:\/\/unijaveterana.ba\/index.php?rest_route=\/wp\/v2\/types\/page"}],"author":[{"embeddable":true,"href":"https:\/\/unijaveterana.ba\/index.php?rest_route=\/wp\/v2\/users\/1"}],"replies":[{"embeddable":true,"href":"https:\/\/unijaveterana.ba\/index.php?rest_route=%2Fwp%2Fv2%2Fcomments&post=280"}],"version-history":[{"count":12,"href":"https:\/\/unijaveterana.ba\/index.php?rest_route=\/wp\/v2\/pages\/280\/revisions"}],"predecessor-version":[{"id":584,"href":"https:\/\/unijaveterana.ba\/index.php?rest_route=\/wp\/v2\/pages\/280\/revisions\/584"}],"wp:attachment":[{"href":"https:\/\/unijaveterana.ba\/index.php?rest_route=%2Fwp%2Fv2%2Fmedia&parent=280"}],"curies":[{"name":"wp","href":"https:\/\/api.w.org\/{rel}","templated":true}]}}